{"id":14,"date":"2020-04-20T10:48:37","date_gmt":"2020-04-20T10:48:37","guid":{"rendered":"http:\/\/bau-klb.de\/?page_id=14"},"modified":"2020-05-08T10:59:44","modified_gmt":"2020-05-08T10:59:44","slug":"stellenangebote","status":"publish","type":"page","link":"https:\/\/bau-klb.de\/?page_id=14","title":{"rendered":"Stellenangebote"},"content":{"rendered":"\n<p style=\"font-size:18px\">Wir sind stets auf der Suche nach zuverl\u00e4ssigem Fachpersonal, gerne auch Selbstst\u00e4ndige oder Freiberufler als Subunternehmer. <br>Ebenfalls besteht die M\u00f6glichkeit in Form eines Praktikums, Ferienjobs oder Ausbildung Teil unseres Teams zu werden. <\/p>\n\n\n\n<div style=\"height:20px\" aria-hidden=\"true\" class=\"wp-block-spacer\"><\/div>\n\n\n\n<p style=\"font-size:18px\">Hast du eine selbst\u00e4ndige und engagierte Arbeitsweise, Erfahrung in der Baubranche, bist du teamf\u00e4hig und zuverl\u00e4ssig?<br>Dann bewirb dich jetzt als:<\/p>\n\n\n\n<div style=\"height:20px\" aria-hidden=\"true\" class=\"wp-block-spacer\"><\/div>\n\n\n\n<hr class=\"wp-block-separator is-style-wide\"\/>\n\n\n\n<p style=\"font-size:18px\"><strong>\u2022 Tiefbauer<br>\u2022 Pflasterer<br>\u2022 Stra\u00dfenbauer<\/strong><\/p>\n\n\n\n<div style=\"height:20px\" aria-hidden=\"true\" class=\"wp-block-spacer\"><\/div>\n\n\n\n<p class=\"has-normal-font-size\">Deine Aufgaben:<br><br>&#8211; allgemeine Tiefbauarbeiten<br>&#8211; Herstellung des Unterbaus von Stra\u00dfen und Pl\u00e4tzen<br>&#8211; Herstellung und Instandsetzung von Oberschichten (Pflaster, Beton, Asphalt)<br>&#8211; Ausschacht- und Erdarbeiten<br>&#8211; Pflastern von Fl\u00e4chen, Setzen von Randsteinen<br>&#8211; Abdichtungsarbeiten, Entw\u00e4sserungsarbeiten<br>&#8211; Bedienen von Baumaschinen<\/p>\n\n\n\n<div style=\"height:20px\" aria-hidden=\"true\" class=\"wp-block-spacer\"><\/div>\n\n\n\n<hr class=\"wp-block-separator is-style-wide\"\/>\n\n\n\n<p style=\"font-size:18px\"><strong><strong>\u2022 Vorarbeiter<br>\u2022 Baufacharbeiter<br>\u2022 Maurer<\/strong><\/strong><\/p>\n\n\n\n<div style=\"height:20px\" aria-hidden=\"true\" class=\"wp-block-spacer\"><\/div>\n\n\n\n<p class=\"has-normal-font-size\">Deine Aufgaben:<br><br>&#8211;  Allgemeine Mauer- und Betonarbeiten<br>&#8211;  Einschal- und Betonierarbeiten von Betonbauteilen<br>&#8211;  allgemeine Sanierungs- und Reparaturarbeiten an Geb\u00e4uden<br>&#8211;  Abdichtungsarbeiten, Entw\u00e4sserungsarbeiten<\/p>\n\n\n\n<div style=\"height:20px\" aria-hidden=\"true\" class=\"wp-block-spacer\"><\/div>\n\n\n\n<hr class=\"wp-block-separator is-style-wide\"\/>\n\n\n\n<p style=\"font-size:18px\">Es erwartet dich eine Festanstellung mit Baustellen im unmittelbarem Umkreis von Dermbach mit einer 40 Std. Woche in einem kleinen famili\u00e4rem Team.<br>Keine Schichtarbeit, keine Montage!<\/p>\n\n\n\n<div style=\"height:20px\" aria-hidden=\"true\" class=\"wp-block-spacer\"><\/div>\n\n\n\n<p style=\"font-size:18px\">Schicke uns deine Bewerbung postalisch oder per Mail an:<br><strong>Baugesch\u00e4ft Pabst<br>Inh. Dipl.-Ing.(FH) Matthias Pabst<\/strong><br><strong>Ernst-Th\u00e4lmann Str. 19<br>36466 Dermbach<\/strong><br><br><strong>service (at) baupabst.de<\/strong><\/p>\n\n\n\n<div style=\"height:20px\" aria-hidden=\"true\" class=\"wp-block-spacer\"><\/div>\n\n\n\n<p style=\"background-color:#ff0000;font-size:22px\" class=\"has-background has-text-align-center\"><span style=\"color:#ffffff\" class=\"has-inline-color\"><strong>Wir freuen uns auf deine Bewerbung!<\/strong><\/span><\/p>\n","protected":false},"excerpt":{"rendered":"<p>Wir sind stets auf der Suche nach zuverl\u00e4ssigem Fachpersonal, gerne auch Selbstst\u00e4ndige oder Freiberufler als Subunternehmer. Ebenfalls besteht die M\u00f6glichkeit in Form eines Praktikums, Ferienjobs oder Ausbildung Teil unseres Teams zu werden. Hast du eine selbst\u00e4ndige und engagierte Arbeitsweise, Erfahrung in der Baubranche, bist du teamf\u00e4hig und zuverl\u00e4ssig?Dann bewirb dich jetzt als: \u2022 Tiefbauer\u2022 Pflasterer\u2022 &hellip;<br \/><a href=\"https:\/\/bau-klb.de\/?page_id=14\" class=\"more-link pen_button pen_element_default pen_icon_arrow_double\">Continue reading <span class=\"screen-reader-text\">Stellenangebote<\/span><\/a><\/p>\n","protected":false},"author":1,"featured_media":0,"parent":0,"menu_order":5,"comment_status":"closed","ping_status":"closed","template":"","meta":{"footnotes":""},"class_list":["post-14","page","type-page","status-publish","hentry"],"_links":{"self":[{"href":"https:\/\/bau-klb.de\/index.php?rest_route=\/wp\/v2\/pages\/14","targetHints":{"allow":["GET"]}}],"collection":[{"href":"https:\/\/bau-klb.de\/index.php?rest_route=\/wp\/v2\/pages"}],"about":[{"href":"https:\/\/bau-klb.de\/index.php?rest_route=\/wp\/v2\/types\/page"}],"author":[{"embeddable":true,"href":"https:\/\/bau-klb.de\/index.php?rest_route=\/wp\/v2\/users\/1"}],"replies":[{"embeddable":true,"href":"https:\/\/bau-klb.de\/index.php?rest_route=%2Fwp%2Fv2%2Fcomments&post=14"}],"version-history":[{"count":10,"href":"https:\/\/bau-klb.de\/index.php?rest_route=\/wp\/v2\/pages\/14\/revisions"}],"predecessor-version":[{"id":161,"href":"https:\/\/bau-klb.de\/index.php?rest_route=\/wp\/v2\/pages\/14\/revisions\/161"}],"wp:attachment":[{"href":"https:\/\/bau-klb.de\/index.php?rest_route=%2Fwp%2Fv2%2Fmedia&parent=14"}],"curies":[{"name":"wp","href":"https:\/\/api.w.org\/{rel}","templated":true}]}}