{"id":2,"date":"2016-05-10T03:48:21","date_gmt":"2016-05-10T03:48:21","guid":{"rendered":"http:\/\/bau-klb.de\/?page_id=2"},"modified":"2020-06-17T20:29:04","modified_gmt":"2020-06-17T20:29:04","slug":"sample-page","status":"publish","type":"page","link":"https:\/\/bau-klb.de\/?page_id=2","title":{"rendered":"Referenzen"},"content":{"rendered":"\n<p style=\"font-size:18px\" class=\"has-text-align-center\"><strong>Einfamilienhaus in Dermbach<\/strong><br>Tiefbauarbeiten, Rohbau<\/p>\n\n\n\n<div style=\"height:20px\" aria-hidden=\"true\" class=\"wp-block-spacer\"><\/div>\n\n\n\n<div class=\"wp-block-image\"><figure class=\"aligncenter size-medium is-resized\"><img loading=\"lazy\" decoding=\"async\" src=\"https:\/\/bau-klb.de\/wp-content\/uploads\/2020\/04\/DSC_0296_1-300x169.jpg\" alt=\"\" class=\"wp-image-85\" width=\"309\" height=\"174\" srcset=\"https:\/\/bau-klb.de\/wp-content\/uploads\/2020\/04\/DSC_0296_1-300x169.jpg 300w, https:\/\/bau-klb.de\/wp-content\/uploads\/2020\/04\/DSC_0296_1-1024x576.jpg 1024w, https:\/\/bau-klb.de\/wp-content\/uploads\/2020\/04\/DSC_0296_1-768x432.jpg 768w, https:\/\/bau-klb.de\/wp-content\/uploads\/2020\/04\/DSC_0296_1.jpg 1200w\" sizes=\"auto, (max-width: 309px) 100vw, 309px\" \/><\/figure><\/div>\n\n\n\n<div style=\"height:20px\" aria-hidden=\"true\" class=\"wp-block-spacer\"><\/div>\n\n\n\n<hr class=\"wp-block-separator is-style-wide\"\/>\n\n\n\n<div style=\"height:20px\" aria-hidden=\"true\" class=\"wp-block-spacer\"><\/div>\n\n\n\n<p style=\"font-size:18px\" class=\"has-text-align-center\"><strong>Forstamt Kaltennordheim<\/strong><br>Bau des Eingangsbereichs, Erstellung der Au\u00dfenanlagen, Pflastern der Hoffl\u00e4che <\/p>\n\n\n\n<div style=\"height:20px\" aria-hidden=\"true\" class=\"wp-block-spacer\"><\/div>\n\n\n\n<div class=\"wp-block-image\"><figure class=\"aligncenter size-medium is-resized\"><img loading=\"lazy\" decoding=\"async\" src=\"https:\/\/bau-klb.de\/wp-content\/uploads\/2020\/04\/20190910_152122-225x300.jpg\" alt=\"\" class=\"wp-image-70\" width=\"298\" height=\"397\" srcset=\"https:\/\/bau-klb.de\/wp-content\/uploads\/2020\/04\/20190910_152122-225x300.jpg 225w, https:\/\/bau-klb.de\/wp-content\/uploads\/2020\/04\/20190910_152122-768x1024.jpg 768w, https:\/\/bau-klb.de\/wp-content\/uploads\/2020\/04\/20190910_152122.jpg 900w\" sizes=\"auto, (max-width: 298px) 100vw, 298px\" \/><\/figure><\/div>\n\n\n\n<div style=\"height:20px\" aria-hidden=\"true\" class=\"wp-block-spacer\"><\/div>\n\n\n\n<hr class=\"wp-block-separator is-style-wide\"\/>\n\n\n\n<div style=\"height:20px\" aria-hidden=\"true\" class=\"wp-block-spacer\"><\/div>\n\n\n\n<p style=\"font-size:18px\" class=\"has-text-align-center\"><strong>Grundschule Buttlar<\/strong><br>Bau der Schule, Sporthalle und Au\u00dfenanlage <\/p>\n\n\n\n<div style=\"height:20px\" aria-hidden=\"true\" class=\"wp-block-spacer\"><\/div>\n\n\n\n<figure class=\"wp-block-gallery aligncenter columns-4 wp-block-gallery-1 is-layout-flex wp-block-gallery-is-layout-flex\"><ul class=\"blocks-gallery-grid\"><li class=\"blocks-gallery-item\"><figure><img loading=\"lazy\" decoding=\"async\" width=\"300\" height=\"225\" src=\"https:\/\/bau-klb.de\/wp-content\/uploads\/2020\/04\/266-300x225.jpg\" alt=\"\" data-id=\"56\" data-full-url=\"https:\/\/bau-klb.de\/wp-content\/uploads\/2020\/04\/266.jpg\" data-link=\"https:\/\/bau-klb.de\/?attachment_id=56\" class=\"wp-image-56\" srcset=\"https:\/\/bau-klb.de\/wp-content\/uploads\/2020\/04\/266-300x225.jpg 300w, https:\/\/bau-klb.de\/wp-content\/uploads\/2020\/04\/266-1024x767.jpg 1024w, https:\/\/bau-klb.de\/wp-content\/uploads\/2020\/04\/266-768x575.jpg 768w, https:\/\/bau-klb.de\/wp-content\/uploads\/2020\/04\/266.jpg 1200w\" sizes=\"auto, (max-width: 300px) 100vw, 300px\" \/><\/figure><\/li><li class=\"blocks-gallery-item\"><figure><img loading=\"lazy\" decoding=\"async\" width=\"300\" height=\"225\" src=\"https:\/\/bau-klb.de\/wp-content\/uploads\/2020\/04\/028-300x225.jpg\" alt=\"\" data-id=\"53\" data-full-url=\"https:\/\/bau-klb.de\/wp-content\/uploads\/2020\/04\/028.jpg\" data-link=\"https:\/\/bau-klb.de\/?attachment_id=53\" class=\"wp-image-53\" srcset=\"https:\/\/bau-klb.de\/wp-content\/uploads\/2020\/04\/028-300x225.jpg 300w, https:\/\/bau-klb.de\/wp-content\/uploads\/2020\/04\/028-1024x767.jpg 1024w, https:\/\/bau-klb.de\/wp-content\/uploads\/2020\/04\/028-768x575.jpg 768w, https:\/\/bau-klb.de\/wp-content\/uploads\/2020\/04\/028.jpg 1200w\" sizes=\"auto, (max-width: 300px) 100vw, 300px\" \/><\/figure><\/li><li class=\"blocks-gallery-item\"><figure><img loading=\"lazy\" decoding=\"async\" width=\"300\" height=\"225\" src=\"https:\/\/bau-klb.de\/wp-content\/uploads\/2020\/04\/IMG_1380-300x225.jpg\" alt=\"\" data-id=\"86\" data-full-url=\"https:\/\/bau-klb.de\/wp-content\/uploads\/2020\/04\/IMG_1380.jpg\" data-link=\"https:\/\/bau-klb.de\/?attachment_id=86\" class=\"wp-image-86\" srcset=\"https:\/\/bau-klb.de\/wp-content\/uploads\/2020\/04\/IMG_1380-300x225.jpg 300w, https:\/\/bau-klb.de\/wp-content\/uploads\/2020\/04\/IMG_1380-1024x767.jpg 1024w, https:\/\/bau-klb.de\/wp-content\/uploads\/2020\/04\/IMG_1380-768x575.jpg 768w, https:\/\/bau-klb.de\/wp-content\/uploads\/2020\/04\/IMG_1380.jpg 1200w\" sizes=\"auto, (max-width: 300px) 100vw, 300px\" \/><\/figure><\/li><li class=\"blocks-gallery-item\"><figure><img loading=\"lazy\" decoding=\"async\" width=\"300\" height=\"225\" src=\"https:\/\/bau-klb.de\/wp-content\/uploads\/2020\/04\/11092012-096-300x225.jpg\" alt=\"\" data-id=\"58\" data-full-url=\"https:\/\/bau-klb.de\/wp-content\/uploads\/2020\/04\/11092012-096.jpg\" data-link=\"https:\/\/bau-klb.de\/?attachment_id=58\" class=\"wp-image-58\" srcset=\"https:\/\/bau-klb.de\/wp-content\/uploads\/2020\/04\/11092012-096-300x225.jpg 300w, https:\/\/bau-klb.de\/wp-content\/uploads\/2020\/04\/11092012-096-1024x767.jpg 1024w, https:\/\/bau-klb.de\/wp-content\/uploads\/2020\/04\/11092012-096-768x575.jpg 768w, https:\/\/bau-klb.de\/wp-content\/uploads\/2020\/04\/11092012-096.jpg 1200w\" sizes=\"auto, (max-width: 300px) 100vw, 300px\" \/><\/figure><\/li><\/ul><\/figure>\n\n\n\n<div style=\"height:33px\" aria-hidden=\"true\" class=\"wp-block-spacer\"><\/div>\n\n\n\n<hr class=\"wp-block-separator is-style-wide\"\/>\n\n\n\n<div style=\"height:20px\" aria-hidden=\"true\" class=\"wp-block-spacer\"><\/div>\n\n\n\n<p style=\"font-size:18px\" class=\"has-text-align-center\"><strong>Anbau Jungrinderstall Urnshausen<\/strong><br>Erweiterung des Stalls, Bau des G\u00fcllebeh\u00e4lters<\/p>\n\n\n\n<div style=\"height:47px\" aria-hidden=\"true\" class=\"wp-block-spacer\"><\/div>\n\n\n\n<figure class=\"wp-block-gallery aligncenter columns-4 wp-block-gallery-2 is-layout-flex wp-block-gallery-is-layout-flex\"><ul class=\"blocks-gallery-grid\"><li class=\"blocks-gallery-item\"><figure><img loading=\"lazy\" decoding=\"async\" width=\"225\" height=\"300\" src=\"https:\/\/bau-klb.de\/wp-content\/uploads\/2020\/04\/20180502_153538-225x300.jpg\" alt=\"\" data-id=\"62\" data-full-url=\"https:\/\/bau-klb.de\/wp-content\/uploads\/2020\/04\/20180502_153538.jpg\" data-link=\"https:\/\/bau-klb.de\/?attachment_id=62\" class=\"wp-image-62\" srcset=\"https:\/\/bau-klb.de\/wp-content\/uploads\/2020\/04\/20180502_153538-225x300.jpg 225w, https:\/\/bau-klb.de\/wp-content\/uploads\/2020\/04\/20180502_153538-768x1024.jpg 768w, https:\/\/bau-klb.de\/wp-content\/uploads\/2020\/04\/20180502_153538.jpg 900w\" sizes=\"auto, (max-width: 225px) 100vw, 225px\" \/><\/figure><\/li><li class=\"blocks-gallery-item\"><figure><img loading=\"lazy\" decoding=\"async\" width=\"225\" height=\"300\" src=\"https:\/\/bau-klb.de\/wp-content\/uploads\/2020\/04\/20180818_102727-225x300.jpg\" alt=\"\" data-id=\"66\" data-full-url=\"https:\/\/bau-klb.de\/wp-content\/uploads\/2020\/04\/20180818_102727.jpg\" data-link=\"https:\/\/bau-klb.de\/?attachment_id=66\" class=\"wp-image-66\" srcset=\"https:\/\/bau-klb.de\/wp-content\/uploads\/2020\/04\/20180818_102727-225x300.jpg 225w, https:\/\/bau-klb.de\/wp-content\/uploads\/2020\/04\/20180818_102727-768x1024.jpg 768w, https:\/\/bau-klb.de\/wp-content\/uploads\/2020\/04\/20180818_102727.jpg 900w\" sizes=\"auto, (max-width: 225px) 100vw, 225px\" \/><\/figure><\/li><li class=\"blocks-gallery-item\"><figure><img loading=\"lazy\" decoding=\"async\" width=\"300\" height=\"225\" src=\"https:\/\/bau-klb.de\/wp-content\/uploads\/2020\/04\/20180621_150336-300x225.jpg\" alt=\"\" data-id=\"63\" data-full-url=\"https:\/\/bau-klb.de\/wp-content\/uploads\/2020\/04\/20180621_150336.jpg\" data-link=\"https:\/\/bau-klb.de\/?attachment_id=63\" class=\"wp-image-63\" srcset=\"https:\/\/bau-klb.de\/wp-content\/uploads\/2020\/04\/20180621_150336-300x225.jpg 300w, https:\/\/bau-klb.de\/wp-content\/uploads\/2020\/04\/20180621_150336-1024x768.jpg 1024w, https:\/\/bau-klb.de\/wp-content\/uploads\/2020\/04\/20180621_150336-768x576.jpg 768w, https:\/\/bau-klb.de\/wp-content\/uploads\/2020\/04\/20180621_150336.jpg 1200w\" sizes=\"auto, (max-width: 300px) 100vw, 300px\" \/><\/figure><\/li><li class=\"blocks-gallery-item\"><figure><img loading=\"lazy\" decoding=\"async\" width=\"300\" height=\"225\" src=\"https:\/\/bau-klb.de\/wp-content\/uploads\/2020\/04\/20181108_160450-300x225.jpg\" alt=\"\" data-id=\"69\" data-full-url=\"https:\/\/bau-klb.de\/wp-content\/uploads\/2020\/04\/20181108_160450.jpg\" data-link=\"https:\/\/bau-klb.de\/?attachment_id=69\" class=\"wp-image-69\" srcset=\"https:\/\/bau-klb.de\/wp-content\/uploads\/2020\/04\/20181108_160450-300x225.jpg 300w, https:\/\/bau-klb.de\/wp-content\/uploads\/2020\/04\/20181108_160450-1024x768.jpg 1024w, https:\/\/bau-klb.de\/wp-content\/uploads\/2020\/04\/20181108_160450-768x576.jpg 768w, https:\/\/bau-klb.de\/wp-content\/uploads\/2020\/04\/20181108_160450.jpg 1200w\" sizes=\"auto, (max-width: 300px) 100vw, 300px\" \/><\/figure><\/li><\/ul><\/figure>\n","protected":false},"excerpt":{"rendered":"<p>Einfamilienhaus in DermbachTiefbauarbeiten, Rohbau Forstamt KaltennordheimBau des Eingangsbereichs, Erstellung der Au\u00dfenanlagen, Pflastern der Hoffl\u00e4che Grundschule ButtlarBau der Schule, Sporthalle und Au\u00dfenanlage Anbau Jungrinderstall UrnshausenErweiterung des Stalls, Bau des G\u00fcllebeh\u00e4lters<\/p>\n","protected":false},"author":1,"featured_media":0,"parent":0,"menu_order":3,"comment_status":"closed","ping_status":"closed","template":"","meta":{"footnotes":""},"class_list":["post-2","page","type-page","status-publish","hentry"],"_links":{"self":[{"href":"https:\/\/bau-klb.de\/index.php?rest_route=\/wp\/v2\/pages\/2","targetHints":{"allow":["GET"]}}],"collection":[{"href":"https:\/\/bau-klb.de\/index.php?rest_route=\/wp\/v2\/pages"}],"about":[{"href":"https:\/\/bau-klb.de\/index.php?rest_route=\/wp\/v2\/types\/page"}],"author":[{"embeddable":true,"href":"https:\/\/bau-klb.de\/index.php?rest_route=\/wp\/v2\/users\/1"}],"replies":[{"embeddable":true,"href":"https:\/\/bau-klb.de\/index.php?rest_route=%2Fwp%2Fv2%2Fcomments&post=2"}],"version-history":[{"count":10,"href":"https:\/\/bau-klb.de\/index.php?rest_route=\/wp\/v2\/pages\/2\/revisions"}],"predecessor-version":[{"id":187,"href":"https:\/\/bau-klb.de\/index.php?rest_route=\/wp\/v2\/pages\/2\/revisions\/187"}],"wp:attachment":[{"href":"https:\/\/bau-klb.de\/index.php?rest_route=%2Fwp%2Fv2%2Fmedia&parent=2"}],"curies":[{"name":"wp","href":"https:\/\/api.w.org\/{rel}","templated":true}]}}