{"id":7,"date":"2020-04-20T10:46:17","date_gmt":"2020-04-20T10:46:17","guid":{"rendered":"http:\/\/bau-klb.de\/?page_id=7"},"modified":"2020-06-17T17:53:27","modified_gmt":"2020-06-17T17:53:27","slug":"unternehmen","status":"publish","type":"page","link":"https:\/\/bau-klb.de\/?page_id=7","title":{"rendered":"Unternehmen"},"content":{"rendered":"\n<div class=\"wp-block-media-text alignwide is-stacked-on-mobile is-vertically-aligned-top\" style=\"grid-template-columns:42% auto\"><figure class=\"wp-block-media-text__media\"><img loading=\"lazy\" decoding=\"async\" width=\"1024\" height=\"712\" src=\"https:\/\/bau-klb.de\/wp-content\/uploads\/2020\/05\/inCollage_20200507_215339954-1024x712.jpg\" alt=\"\" class=\"wp-image-104\" srcset=\"https:\/\/bau-klb.de\/wp-content\/uploads\/2020\/05\/inCollage_20200507_215339954-1024x712.jpg 1024w, https:\/\/bau-klb.de\/wp-content\/uploads\/2020\/05\/inCollage_20200507_215339954-300x209.jpg 300w, https:\/\/bau-klb.de\/wp-content\/uploads\/2020\/05\/inCollage_20200507_215339954-768x534.jpg 768w, https:\/\/bau-klb.de\/wp-content\/uploads\/2020\/05\/inCollage_20200507_215339954.jpg 1255w\" sizes=\"auto, (max-width: 1024px) 100vw, 1024px\" \/><\/figure><div class=\"wp-block-media-text__content\">\n<p style=\"font-size:18px\" class=\"has-text-align-left\">Seit 1990 sind wir ein Familienunternehmen, welches durch den Bauingenieur Franz Pabst gegr\u00fcndet und bis ins Jahr 2014 gef\u00fchrt wurde. <br>Heute ist Dipl.-Ing. (FH) Matthias Pabst der Inhaber des Baugesch\u00e4fts, welches seinen Sitz nach wie vor in Dermbach hat und regional mit durchschnittlich 10 Mitarbeitern t\u00e4tig ist.<br><br>Unsere Arbeitsbereiche betreffen den Tief- sowie Hochbau und umfassen unter anderem die Errichtung der Au\u00dfenanlagen von Schule und Kinderg\u00e4rten, wie auch privater Grundst\u00fccke. Wir bieten unseren Kunden ein breites Angebot rund ums Bauen, von der Verrichtung von Tiefbauarbeiten \u00fcber Erstellung von Rohbauten bis zum R\u00fcckbau.<\/p>\n<\/div><\/div>\n","protected":false},"excerpt":{"rendered":"<p>Seit 1990 sind wir ein Familienunternehmen, welches durch den Bauingenieur Franz Pabst gegr\u00fcndet und bis ins Jahr 2014 gef\u00fchrt wurde. Heute ist Dipl.-Ing. (FH) Matthias Pabst der Inhaber des Baugesch\u00e4fts, welches seinen Sitz nach wie vor in Dermbach hat und regional mit durchschnittlich 10 Mitarbeitern t\u00e4tig ist. Unsere Arbeitsbereiche betreffen den Tief- sowie Hochbau und &hellip;<br \/><a href=\"https:\/\/bau-klb.de\/?page_id=7\" class=\"more-link pen_button pen_element_default pen_icon_arrow_double\">Continue reading <span class=\"screen-reader-text\">Unternehmen<\/span><\/a><\/p>\n","protected":false},"author":1,"featured_media":0,"parent":0,"menu_order":2,"comment_status":"closed","ping_status":"closed","template":"","meta":{"footnotes":""},"class_list":["post-7","page","type-page","status-publish","hentry"],"_links":{"self":[{"href":"https:\/\/bau-klb.de\/index.php?rest_route=\/wp\/v2\/pages\/7","targetHints":{"allow":["GET"]}}],"collection":[{"href":"https:\/\/bau-klb.de\/index.php?rest_route=\/wp\/v2\/pages"}],"about":[{"href":"https:\/\/bau-klb.de\/index.php?rest_route=\/wp\/v2\/types\/page"}],"author":[{"embeddable":true,"href":"https:\/\/bau-klb.de\/index.php?rest_route=\/wp\/v2\/users\/1"}],"replies":[{"embeddable":true,"href":"https:\/\/bau-klb.de\/index.php?rest_route=%2Fwp%2Fv2%2Fcomments&post=7"}],"version-history":[{"count":7,"href":"https:\/\/bau-klb.de\/index.php?rest_route=\/wp\/v2\/pages\/7\/revisions"}],"predecessor-version":[{"id":185,"href":"https:\/\/bau-klb.de\/index.php?rest_route=\/wp\/v2\/pages\/7\/revisions\/185"}],"wp:attachment":[{"href":"https:\/\/bau-klb.de\/index.php?rest_route=%2Fwp%2Fv2%2Fmedia&parent=7"}],"curies":[{"name":"wp","href":"https:\/\/api.w.org\/{rel}","templated":true}]}}