{"id":9,"date":"2020-04-20T10:47:17","date_gmt":"2020-04-20T10:47:17","guid":{"rendered":"http:\/\/bau-klb.de\/?page_id=9"},"modified":"2020-05-08T12:36:23","modified_gmt":"2020-05-08T12:36:23","slug":"leistungen","status":"publish","type":"page","link":"https:\/\/bau-klb.de\/","title":{"rendered":"Leistungen"},"content":{"rendered":"\n<p style=\"background-color:#ff0000;color:#ffffff;font-size:22px\" class=\"has-text-color has-background\"><strong>Hochbau<\/strong><\/p>\n\n\n\n<div style=\"height:20px\" aria-hidden=\"true\" class=\"wp-block-spacer\"><\/div>\n\n\n\n<p class=\"has-normal-font-size\">1.<strong> Wohnungsbau \u2013 Neu- und Umbau<\/strong><br> &#8211;  Rohbauarbeiten f\u00fcr Ein- und Mehrfamilienh\u00e4user; Umbau- und Erweiterungsma\u00dfnahmen<br><br>2<strong>. \u00d6ffentliche Bauten<\/strong><br> &#8211;  Rohbauarbeiten von kommunalen und \u00f6ffentlichen Geb\u00e4uden <br>    (z. B. Feuerwehrger\u00e4teh\u00e4user, Schul- und Verwaltungsgeb\u00e4ude, Kindertagesst\u00e4tten etc.)<br><br>3<strong>. Gewerbe-\/Industriebau<\/strong><br> &#8211;  Geb\u00e4ude und Hallen zur gewerblichen Nutzung<br><br>4.<strong> Bauwerke im landwirtschaftlichen Bereich<\/strong><br> &#8211;  St\u00e4lle aller Art, landwirtschaftliche Hallen, Fahrsiloanlagen, G\u00fcllebeh\u00e4lter<br><\/p>\n\n\n\n<div style=\"height:20px\" aria-hidden=\"true\" class=\"wp-block-spacer\"><\/div>\n\n\n\n<p style=\"background-color:#f80000;color:#ffffff;font-size:22px\" class=\"has-text-color has-background\"><strong>Tiefbau<\/strong><\/p>\n\n\n\n<div style=\"height:20px\" aria-hidden=\"true\" class=\"wp-block-spacer\"><\/div>\n\n\n\n<p class=\"has-normal-font-size\">1. <strong>Erdarbeiten, Rohr- und Leitungsverlegung <\/strong><br> &#8211;  Ausschachtungen und Gel\u00e4ndearbeiten aller Art <br> &#8211;  Verlegung s\u00e4mtlicher Ver- und Entsorgungsleitungen einschl. Leitungen der Versorgungsunternehmen f\u00fcr Strom, Wasser etc.<br> &#8211;  Drainageanlagen, Zisternen, KKA, vollbiologische KA, Versickerungsanlagen<br><br>2. <strong>Gestaltung von Au\u00dfenanlagen<\/strong><br> &#8211;  Anlegen von Au\u00dfenanlagen im Wohn- und Gewerbebau, Spielpl\u00e4tzen und Sportanlagen<br> &#8211;  Pflasterarbeiten, Zaunbau, Natursteinmauern, Gabionen, Treppenanlagen<br><\/p>\n\n\n\n<div style=\"height:20px\" aria-hidden=\"true\" class=\"wp-block-spacer\"><\/div>\n\n\n\n<p style=\"background-color:#f80000;color:#ffffff;font-size:22px\" class=\"has-text-color has-background\"><strong>Sanierung und Abbruch<\/strong><\/p>\n\n\n\n<div style=\"height:20px\" aria-hidden=\"true\" class=\"wp-block-spacer\"><\/div>\n\n\n\n<p class=\"has-normal-font-size\"> 1. <strong>Sanierungsarbeiten<\/strong><br> &#8211;  Trockenlegung von Kellern, Mauerwerksanierungen<br> &#8211;  Geb\u00e4udesanierungen und \u00c4nderungsma\u00dfnahmen aller Art<br> &#8211;  Sanierung von Natursteinmauerwerk <br><br>2. <strong>Abbruch und Recycling <\/strong><br> &#8211;  R\u00fcckbau- und Abbrucharbeiten von Kleinobjekten<br> &#8211;  M\u00f6glichkeit, vor Ort Beton und Abbruchmaterialien (Mauerwerk, Naturstein etc.) zu brechen<br> &#8211;  Sieben und Aufbereiten von Recyclingmaterial und Erdstoff<\/p>\n","protected":false},"excerpt":{"rendered":"<p>Hochbau 1. Wohnungsbau \u2013 Neu- und Umbau &#8211; Rohbauarbeiten f\u00fcr Ein- und Mehrfamilienh\u00e4user; Umbau- und Erweiterungsma\u00dfnahmen 2. \u00d6ffentliche Bauten &#8211; Rohbauarbeiten von kommunalen und \u00f6ffentlichen Geb\u00e4uden (z. B. Feuerwehrger\u00e4teh\u00e4user, Schul- und Verwaltungsgeb\u00e4ude, Kindertagesst\u00e4tten etc.) 3. Gewerbe-\/Industriebau &#8211; Geb\u00e4ude und Hallen zur gewerblichen Nutzung 4. Bauwerke im landwirtschaftlichen Bereich &#8211; St\u00e4lle aller Art, landwirtschaftliche Hallen, Fahrsiloanlagen, &hellip;<br \/><a href=\"https:\/\/bau-klb.de\/\" class=\"more-link pen_button pen_element_default pen_icon_arrow_double\">Continue reading <span class=\"screen-reader-text\">Leistungen<\/span><\/a><\/p>\n","protected":false},"author":1,"featured_media":0,"parent":0,"menu_order":1,"comment_status":"closed","ping_status":"closed","template":"","meta":{"footnotes":""},"class_list":["post-9","page","type-page","status-publish","hentry"],"_links":{"self":[{"href":"https:\/\/bau-klb.de\/index.php?rest_route=\/wp\/v2\/pages\/9","targetHints":{"allow":["GET"]}}],"collection":[{"href":"https:\/\/bau-klb.de\/index.php?rest_route=\/wp\/v2\/pages"}],"about":[{"href":"https:\/\/bau-klb.de\/index.php?rest_route=\/wp\/v2\/types\/page"}],"author":[{"embeddable":true,"href":"https:\/\/bau-klb.de\/index.php?rest_route=\/wp\/v2\/users\/1"}],"replies":[{"embeddable":true,"href":"https:\/\/bau-klb.de\/index.php?rest_route=%2Fwp%2Fv2%2Fcomments&post=9"}],"version-history":[{"count":17,"href":"https:\/\/bau-klb.de\/index.php?rest_route=\/wp\/v2\/pages\/9\/revisions"}],"predecessor-version":[{"id":182,"href":"https:\/\/bau-klb.de\/index.php?rest_route=\/wp\/v2\/pages\/9\/revisions\/182"}],"wp:attachment":[{"href":"https:\/\/bau-klb.de\/index.php?rest_route=%2Fwp%2Fv2%2Fmedia&parent=9"}],"curies":[{"name":"wp","href":"https:\/\/api.w.org\/{rel}","templated":true}]}}